{"id":269,"date":"2016-06-06T09:26:21","date_gmt":"2016-06-06T09:26:21","guid":{"rendered":"http:\/\/demo.oceanthemes.net\/sentra\/?page_id=269"},"modified":"2022-05-25T08:59:41","modified_gmt":"2022-05-25T05:59:41","slug":"homepage-1","status":"publish","type":"page","link":"https:\/\/ankateks.net\/","title":{"rendered":"Anasayfa"},"content":{"rendered":"<p>[vc_row][vc_column el_class=&#8221;float-left&#8221;][layerslider_vc id=&#8221;2&#8243;][\/vc_column][\/vc_row][vc_row css=&#8221;.vc_custom_1465206134323{padding-top: 30px !important;padding-bottom: 30px !important;background-image: url(http:\/\/demo.oceanthemes.net\/sentra\/wp-content\/uploads\/2016\/06\/simple_dashed.png?id=273) !important;background-position: 0 0 !important;background-repeat: repeat !important;}&#8221; el_class=&#8221;cta1&#8243;][vc_column]\n\t\t\t<div class=\"cta1 patbg1 light-text\">\n\t\t\t<div class=\"col-lg-9 col-md-9\">\n\t\t        <p class=\"title\">KAL\u0130TEN\u0130N ESTET\u0130K DOKUNU\u015eU. <span> - Ankateks<\/span><\/p>\n\t\t        <p class=\"content\">Tecr\u00fcbeli Sat\u0131\u015f Ve Arge Ekibimizin \u00d6ncelli\u011fi M\u00fc\u015fteri Memnuniyetidir. M\u00fc\u015fteri Grubumuzun \u00c7o\u011funlu\u011fu \u0130se \u0130yi Bilinen Perakende Zincir Ma\u011fazalar\u0131d\u0131r.<\/p>\t\t  \t<\/div>\n\t\t  \t<div class=\"col-lg-3 col-md-3\">\n\t\t  \t\t\t\t  \t<\/div>\n\t\t<\/div>\n\t\n[\/vc_column][\/vc_row][vc_row css=&#8221;.vc_custom_1465206555665{padding-top: 60px !important;padding-bottom: 90px !important;}&#8221;][vc_column][vc_column_text css=&#8221;.vc_custom_1653458382649{margin-bottom: 0px !important;}&#8221;]<\/p>\n<p class=\"text-uppercase font-weight-200 font-size-36 text-heading\" style=\"text-align: center;\">ANKATEKS \u201cKAL\u0130TEN\u0130N ESTET\u0130K DOKUNU\u015eU\u201d<\/p>\n<p style=\"text-align: center;\">Kuruldu\u011fu y\u0131ldan g\u00fcn\u00fcm\u00fcze kadar olan s\u00fcre\u00e7te alan\u0131nda ihtisasla\u015fan Ankateks Tekstil, haz\u0131r giyim sekt\u00f6r\u00fcn\u00fcn \u00f6nc\u00fc markalar\u0131na \u00fcretimlerini sunmaktad\u0131r. Bu do\u011frultuda yerel pazarda kendi alan\u0131nda ilk akla gelen firmalardan olan Ankateks, yerel ba\u015far\u0131s\u0131n\u0131n yan\u0131nda uluslararas\u0131 pazarlara da \u00fcr\u00fcn tedariki sunan bir firmad\u0131r. Pazarlama politikas\u0131 do\u011frultusunda olu\u015fturmu\u015f oldu\u011fu talep ile orant\u0131l\u0131 olarak yat\u0131r\u0131mlar\u0131n\u0131 kararl\u0131 bir \u015fekilde s\u00fcrd\u00fcren \u015firketimiz, 2017 y\u0131l\u0131 itibari ile yeni tesisinde ad\u0131m att\u0131\u011f\u0131 \u00fcretim faaliyetleriyle Ankateks \u00fcr\u00fcn ve hizmet kalitesini daha geni\u015f ulusal ve uluslararas\u0131 pazarlara sunmay\u0131 hedeflemektedir.<\/p>\n<p>[\/vc_column_text][\/vc_column][\/vc_row][vc_row fullwidth=&#8221;yes&#8221;][vc_column][vc_single_image image=&#8221;1113&#8243; img_size=&#8221;full&#8221; css=&#8221;.vc_custom_1543765749014{margin-bottom: 0px !important;}&#8221; el_class=&#8221;image-full&#8221;][\/vc_column][\/vc_row]<\/p>\n","protected":false},"excerpt":{"rendered":"<p>[vc_row][vc_column el_class=&#8221;float-left&#8221;][layerslider_vc id=&#8221;2&#8243;][\/vc_column][\/vc_row][vc_row css=&#8221;.vc_custom_1465206134323{padding-top: 30px !important;padding-bottom: 30px !important;background-image: url(http:\/\/demo.oceanthemes.net\/sentra\/wp-content\/uploads\/2016\/06\/simple_dashed.png?id=273) !important;background-position: 0 0 !important;background-repeat: repeat !important;}&#8221; el_class=&#8221;cta1&#8243;][vc_column][\/vc_column][\/vc_row][vc_row css=&#8221;.vc_custom_1465206555665{padding-top: 60px !important;padding-bottom: 90px !important;}&#8221;][vc_column][vc_column_text css=&#8221;.vc_custom_1653458382649{margin-bottom: 0px !important;}&#8221;] ANKATEKS \u201cKAL\u0130TEN\u0130N ESTET\u0130K DOKUNU\u015eU\u201d Kuruldu\u011fu y\u0131ldan g\u00fcn\u00fcm\u00fcze kadar olan s\u00fcre\u00e7te alan\u0131nda ihtisasla\u015fan Ankateks Tekstil, haz\u0131r giyim sekt\u00f6r\u00fcn\u00fcn \u00f6nc\u00fc markalar\u0131na \u00fcretimlerini sunmaktad\u0131r. Bu do\u011frultuda yerel pazarda kendi alan\u0131nda ilk akla gelen firmalardan [&hellip;]<\/p>\n","protected":false},"author":1,"featured_media":0,"parent":0,"menu_order":0,"comment_status":"closed","ping_status":"closed","template":"page-templates\/template-canvas.php","meta":{"spay_email":"","footnotes":""},"class_list":["post-269","page","type-page","status-publish","hentry"],"_links":{"self":[{"href":"https:\/\/ankateks.net\/index.php?rest_route=\/wp\/v2\/pages\/269","targetHints":{"allow":["GET"]}}],"collection":[{"href":"https:\/\/ankateks.net\/index.php?rest_route=\/wp\/v2\/pages"}],"about":[{"href":"https:\/\/ankateks.net\/index.php?rest_route=\/wp\/v2\/types\/page"}],"author":[{"embeddable":true,"href":"https:\/\/ankateks.net\/index.php?rest_route=\/wp\/v2\/users\/1"}],"replies":[{"embeddable":true,"href":"https:\/\/ankateks.net\/index.php?rest_route=%2Fwp%2Fv2%2Fcomments&post=269"}],"version-history":[{"count":5,"href":"https:\/\/ankateks.net\/index.php?rest_route=\/wp\/v2\/pages\/269\/revisions"}],"predecessor-version":[{"id":1192,"href":"https:\/\/ankateks.net\/index.php?rest_route=\/wp\/v2\/pages\/269\/revisions\/1192"}],"wp:attachment":[{"href":"https:\/\/ankateks.net\/index.php?rest_route=%2Fwp%2Fv2%2Fmedia&parent=269"}],"curies":[{"name":"wp","href":"https:\/\/api.w.org\/{rel}","templated":true}]}}