{"id":53,"date":"2016-06-01T07:58:46","date_gmt":"2016-06-01T07:58:46","guid":{"rendered":"http:\/\/demo.oceanthemes.net\/sentra\/?page_id=53"},"modified":"2018-12-02T22:07:35","modified_gmt":"2018-12-02T22:07:35","slug":"about-company","status":"publish","type":"page","link":"https:\/\/ankateks.net\/?page_id=53","title":{"rendered":"Hakk\u0131m\u0131zda"},"content":{"rendered":"<p>[vc_row css=&#8221;.vc_custom_1464768719966{padding-top: 60px !important;padding-bottom: 90px !important;}&#8221;][vc_column width=&#8221;1\/3&#8243;][vc_custom_heading text=&#8221;HAKKIMIZDA&#8221; font_container=&#8221;tag:h3|text_align:left&#8221; use_theme_fonts=&#8221;yes&#8221;][vc_single_image image=&#8221;58&#8243; img_size=&#8221;full&#8221; css=&#8221;.vc_custom_1464769163882{margin-top: 30px !important;margin-bottom: 0px !important;}&#8221;][vc_column_text el_class=&#8221;font-style-italic text-primary&#8221;]Ankateks 2016 y\u0131l\u0131nda \u015eanl\u0131urfada kurulmu\u015ftur. Ge\u00e7mi\u015f deneyimini atik ve etkin stratejileri ile birle\u015ftirerek \u00fcr\u00fcn gam\u0131n\u0131 ve \u00fcretim kapasitesini h\u0131zl\u0131 bir \u015fekilde artt\u0131rm\u0131\u015f ve 2017 y\u0131l\u0131nda mevcut tesisine ta\u015f\u0131narak \u00fclkemizin bir\u00e7ok farkl\u0131 b\u00f6lgesinde ve d\u0131\u015f piyasadaki m\u00fc\u015fterilerine \u00fcr\u00fcn ve hizmetlerini sunmaya ba\u015flam\u0131\u015ft\u0131r.[\/vc_column_text][vc_column_text css=&#8221;.vc_custom_1543783296695{margin-bottom: 0px !important;}&#8221;]ANKATEKS \u00a0vizyon ve misyonunu destekleyen kalite politikas\u0131; \u201cYapabiliriz, \u00e7\u00fcnk\u00fc yapaca\u011f\u0131m\u0131z\u0131 biliyoruz\u201d s\u00f6z\u00fcnden ald\u0131\u011f\u0131m\u0131z g\u00fc\u00e7 ile; M\u00fc\u015fteri talep ve beklentilerini \u00f6n planda tutarak kalite, fiyat, teslim s\u00fcresi ve sosyal uygunluk isteklerini tam olarak alg\u0131lay\u0131p eksiksiz kar\u015f\u0131layaca\u011f\u0131m\u0131z\u0131, M\u00fc\u015fteri memnuniyetinin s\u00fcreklili\u011fini sa\u011flayaca\u011f\u0131m\u0131z\u0131, verimlili\u011fi esas alarak \u00f6l\u00e7\u00fclebilir ve ula\u015f\u0131labilir hedefler koyarak, s\u00fcrekli iyile\u015fme sa\u011flayan bir Kalite Y\u00f6netim sistemi y\u00f6netece\u011fimizi, \u00e7al\u0131\u015fanlar\u0131n e\u011fitim ve geli\u015fimine \u00f6nem verip, her a\u00e7\u0131dan tatmin ederek ANKATEKS \u00e7al\u0131\u015fman\u0131n gururunu ya\u015fataca\u011f\u0131m\u0131z\u0131, \u00c7evre, i\u015f sa\u011fl\u0131\u011f\u0131 ve g\u00fcvenli\u011fi ile ilgili mevzuatlara uyaca\u011f\u0131m\u0131za, Tedarik\u00e7ilerimizle i\u015fbirli\u011fi yaparak kazanal\u0131m anlay\u0131\u015f\u0131 ile kar\u015f\u0131l\u0131kl\u0131 de\u011fer yarataca\u011f\u0131m\u0131z\u0131 taahh\u00fct ediyoruz.[\/vc_column_text][\/vc_column][vc_column width=&#8221;1\/3&#8243;][vc_custom_heading text=&#8221;NEDEN B\u0130Z&#8221; font_container=&#8221;tag:h3|text_align:left&#8221; use_theme_fonts=&#8221;yes&#8221;][vc_column_text css=&#8221;.vc_custom_1543781691105{margin-bottom: 0px !important;}&#8221;]T\u00fcrkiye tekstil ve haz\u0131r giyim sekt\u00f6r\u00fc halen en fazla d\u0131\u015f ticaret fazlas\u0131 veren sekt\u00f6rd\u00fcr. Buna ek olarak olu\u015fturdu\u011fu istihdam ile i\u015fsizli\u011fin azalmas\u0131na ve toplumun refah\u0131na \u00e7ok ciddi d\u00fczeyde katk\u0131lar\u0131 mevcuttur. G\u00fcn\u00fcm\u00fczde b\u00fcy\u00fck firmalar \u00fcretim kapasitelerini d\u00fc\u015f\u00fcr\u00fcrken, ANKATEKS giri\u015fken bir politika ile \u00fcretim birimlerini art\u0131rarak b\u00f6lge ve \u00fclke ekonomisine katk\u0131lar\u0131n\u0131 art\u0131rmaya devam etmektedir. D\u00fcnya Trendleri de son y\u0131llarda eskiye g\u00f6re \u00e7ok daha h\u0131zl\u0131 de\u011fi\u015fmektedir.\u00a0T\u00fcrkiye\u2019nin \u00f6n\u00fcm\u00fczdeki y\u0131llarda tekstil d\u00fcnyas\u0131nda bug\u00fcnk\u00fc \u00f6nemli \u00fcretici konumunu korumas\u0131 beklenmektedir. Ancak, T\u00fcrk tekstil \u00fcreticileri daha fazla katma de\u011ferli \u00fcretim yapmak zorundad\u0131r.[\/vc_column_text][vc_tta_accordion shape=&#8221;square&#8221; c_icon=&#8221;triangle&#8221; active_section=&#8221;1&#8243; no_fill=&#8221;true&#8221; collapsible_all=&#8221;true&#8221; css=&#8221;.vc_custom_1464943289010{margin-top: 30px !important;}&#8221;][vc_tta_section title=&#8221;M\u0130SYON&#8221; tab_id=&#8221;section-1&#8243;][vc_column_text]Y\u00fcksek istihdam ve tedarik zinciriyle, m\u00fc\u015fterileri taraf\u0131ndan \u00f6ncelikli olarak tercih edilen, ekibiyle b\u00fcy\u00fcyen, teknolojiyi \u00fcretimin her a\u015famas\u0131nda kullanabildi\u011fi bir sisteme sahip \u00f6nc\u00fc bir \u015firket olmak ve m\u00fc\u015fteri memnuniyetini art\u0131rmak i\u00e7in olu\u015fturdu\u011fumuz Kalite Y\u00f6netim Sistemimizi, \u00e7al\u0131\u015fanlar\u0131m\u0131z\u0131n kat\u0131l\u0131mlar\u0131yla verimli olarak uygulamak ve etkinli\u011fini s\u00fcrekli iyile\u015ftirmektir.[\/vc_column_text][\/vc_tta_section][vc_tta_section title=&#8221;V\u0130ZYON&#8221; tab_id=&#8221;section-2&#8243;][vc_column_text]Ekonomik kalk\u0131nmaya, sosyal ve \u00e7evresel s\u00fcrd\u00fcr\u00fclebilir bir politika ile destek veren, tedarik\u00e7ilerine sayg\u0131l\u0131, d\u00fcnya markalar\u0131na kendi tasar\u0131mlar\u0131 ile hizmet veren, \u00fcr\u00fcnde kalitenin i\u015fletmede kalite sistemlerinin olmas\u0131 gereklili\u011fine inanan ve b\u00f6lgesinde en b\u00fcy\u00fck istihdam\u0131 yaratan, lider bir \u00f6rme haz\u0131r giyim firmas\u0131 olmakt\u0131r.[\/vc_column_text][\/vc_tta_section][vc_tta_section title=&#8221;DE\u011eERLER\u0130M\u0130Z&#8221; tab_id=&#8221;section-3&#8243;][vc_column_text]<\/p>\n<ol>\n<li>M\u00fc\u015fteri Memnuniyeti<\/li>\n<li>Ekip Ruhu<\/li>\n<li>G\u00fcvenilirlik, d\u00fcr\u00fcstl\u00fck, do\u011fruluk<\/li>\n<li>\u0130nsana Sayg\u0131<\/li>\n<li>Yarat\u0131c\u0131l\u0131k<\/li>\n<li>\u0130nsiyatif\/ Karar alabilme<\/li>\n<li>Ekonomi<\/li>\n<li>A\u00e7\u0131k g\u00f6r\u00fc\u015fl\u00fcl\u00fck<\/li>\n<li>Geli\u015fime a\u00e7\u0131k olma<\/li>\n<\/ol>\n<p>[\/vc_column_text][\/vc_tta_section][vc_tta_section title=&#8221;KURUMSAL SOSYAL SORUMLULUK&#8221; tab_id=&#8221;section-4&#8243;][vc_column_text]\u015eirketimizin \u00e7al\u0131\u015fanlar\u0131 ve alt tedarik\u00e7ilerimiz, kurumsal sosyal sorumluluk ve etik de\u011ferler \u00e7er\u00e7evesinde hareket ederler.\u00a0Kurumsal sosyal sorumluluk departman\u0131m\u0131z, i\u015f birli\u011finde oldu\u011fumuz markalar ve uluslararas\u0131 \u00f6rg\u00fctlerle; \u00e7al\u0131\u015fanlar\u0131n temel haklar\u0131, etik de\u011ferler, i\u015f sa\u011fl\u0131\u011f\u0131 ve g\u00fcvenli\u011fi, \u00e7evre, uluslararas\u0131 standartlar gibi bir \u00e7ok konuda projeler y\u00fcr\u00fctmektedir.[\/vc_column_text][\/vc_tta_section][\/vc_tta_accordion][\/vc_column][vc_column width=&#8221;1\/3&#8243;][vc_custom_heading text=&#8221;M\u00dc\u015eTER\u0130 MEMNUN\u0130YET\u0130&#8221; font_container=&#8221;tag:h3|text_align:left&#8221; use_theme_fonts=&#8221;yes&#8221;][vc_column_text el_class=&#8221;text-heading text-uppercase font-weight-600&#8243; css=&#8221;.vc_custom_1543782014381{margin-bottom: 0px !important;}&#8221;]KAL\u0130TEN\u0130N ESTET\u0130K DOKUNU\u015eU[\/vc_column_text][vc_column_text css=&#8221;.vc_custom_1543781881137{margin-bottom: 0px !important;}&#8221;]\u0130\u015fletmelerin faaliyetlerini ger\u00e7ekle\u015ftirebilmeleri i\u00e7in pek \u00e7ok i\u00e7 ve d\u0131\u015f fakt\u00f6rle ba\u015fa \u00e7\u0131kmalar\u0131 gerekmektedir. Pazardaki \u015fiddetli rekabet, teslimatlar\u0131 k\u0131sa s\u00fcrede yaparken, kaliteyi ve maliyetleri de s\u0131k\u0131 kontrol alt\u0131nda tutmay\u0131 gerektirmektedir.\u00a0M\u00fc\u015fterilerine en iyi hizmeti sunmay\u0131 hedef edinmi\u015f olan ANKATEKS kaliteden hi\u00e7bir zaman \u00f6d\u00fcn vermeden ve hedeflerinde ilk s\u0131rada tutarak d\u00fcnya markalar\u0131na hizmet vermektedir.[\/vc_column_text][vc_single_image image=&#8221;66&#8243; img_size=&#8221;full&#8221; css=&#8221;.vc_custom_1464769490575{margin-top: 30px !important;margin-bottom: 0px !important;}&#8221;][vc_column_text css=&#8221;.vc_custom_1543781982055{margin-bottom: 0px !important;}&#8221;]ANKATEKS kalite y\u00f6netim sistemi; yerinde kalite oda\u011f\u0131yla t\u00fcm \u00fcretim s\u00fcre\u00e7lerinde ilk sefer de m\u00fc\u015fteri beklentilerine uygun do\u011fru \u00fcretim yapmay\u0131, her nokta da ayn\u0131 kaliteyi sa\u011flamak i\u00e7in standartla\u015ft\u0131rmay\u0131, s\u00fcrekli iyile\u015ftirmek ve s\u00fcre\u00e7ler aras\u0131 ak\u0131\u015f\u0131 de\u011ferlendirebilmek i\u00e7in veri analizlerinin yap\u0131lmas\u0131n\u0131 ve tedarik\u00e7ilerini de geli\u015ftirmeye y\u00f6nelik olarak kurulmu\u015ftur.[\/vc_column_text][\/vc_column][\/vc_row][vc_row parallax_row=&#8221;yes&#8221; css=&#8221;.vc_custom_1464776815610{padding-top: 60px !important;padding-bottom: 90px !important;background-image: url(http:\/\/demo.oceanthemes.net\/sentra\/wp-content\/uploads\/2016\/06\/3-1.jpg?id=81) !important;}&#8221;][vc_column][vc_column_text]<\/p>\n<p class=\"font-style-italic text-primary font-size-18\" style=\"text-align: center;\">&#8220;Kalitenin Estetik Dokunu\u015fu&#8221;<\/p>\n<p class=\"light-text\" style=\"text-align: center;\">Ankateks, haz\u0131r giyim sekt\u00f6r\u00fcnde d\u00fcnya markalar\u0131 ile \u00e7al\u0131\u015fmakta ve t\u00fcm faaliyet alanlar\u0131nda \u00e7al\u0131\u015fanlar\u0131n geli\u015fimine destek vermekte, yenilik\u00e7i ve kat\u0131l\u0131mc\u0131 bir \u00e7al\u0131\u015fma ortam\u0131 yaratmay\u0131 hedeflemektedir. Personel al\u0131mlar\u0131nda firman\u0131n y\u00f6netim politikas\u0131na ve kurum k\u00fclt\u00fcr\u00fcne uygun, i\u015f ve i\u015fyeri verimlili\u011finin dinamik tutulmas\u0131n\u0131 sa\u011flayacak personelin se\u00e7ilmesi ama\u00e7lan\u0131r.<\/p>\n<p>[\/vc_column_text][\/vc_column][\/vc_row]<\/p>\n","protected":false},"excerpt":{"rendered":"<p>[vc_row css=&#8221;.vc_custom_1464768719966{padding-top: 60px !important;padding-bottom: 90px !important;}&#8221;][vc_column width=&#8221;1\/3&#8243;][vc_custom_heading text=&#8221;HAKKIMIZDA&#8221; font_container=&#8221;tag:h3|text_align:left&#8221; use_theme_fonts=&#8221;yes&#8221;][vc_single_image image=&#8221;58&#8243; img_size=&#8221;full&#8221; css=&#8221;.vc_custom_1464769163882{margin-top: 30px !important;margin-bottom: 0px !important;}&#8221;][vc_column_text el_class=&#8221;font-style-italic text-primary&#8221;]Ankateks 2016 y\u0131l\u0131nda \u015eanl\u0131urfada kurulmu\u015ftur. Ge\u00e7mi\u015f deneyimini atik ve etkin stratejileri ile birle\u015ftirerek \u00fcr\u00fcn gam\u0131n\u0131 ve \u00fcretim kapasitesini h\u0131zl\u0131 bir \u015fekilde artt\u0131rm\u0131\u015f ve 2017 y\u0131l\u0131nda mevcut tesisine ta\u015f\u0131narak \u00fclkemizin bir\u00e7ok farkl\u0131 b\u00f6lgesinde ve d\u0131\u015f piyasadaki m\u00fc\u015fterilerine \u00fcr\u00fcn [&hellip;]<\/p>\n","protected":false},"author":1,"featured_media":0,"parent":0,"menu_order":0,"comment_status":"closed","ping_status":"closed","template":"page-templates\/template-fullwidth.php","meta":{"spay_email":"","footnotes":""},"class_list":["post-53","page","type-page","status-publish","hentry"],"_links":{"self":[{"href":"https:\/\/ankateks.net\/index.php?rest_route=\/wp\/v2\/pages\/53","targetHints":{"allow":["GET"]}}],"collection":[{"href":"https:\/\/ankateks.net\/index.php?rest_route=\/wp\/v2\/pages"}],"about":[{"href":"https:\/\/ankateks.net\/index.php?rest_route=\/wp\/v2\/types\/page"}],"author":[{"embeddable":true,"href":"https:\/\/ankateks.net\/index.php?rest_route=\/wp\/v2\/users\/1"}],"replies":[{"embeddable":true,"href":"https:\/\/ankateks.net\/index.php?rest_route=%2Fwp%2Fv2%2Fcomments&post=53"}],"version-history":[{"count":4,"href":"https:\/\/ankateks.net\/index.php?rest_route=\/wp\/v2\/pages\/53\/revisions"}],"predecessor-version":[{"id":1123,"href":"https:\/\/ankateks.net\/index.php?rest_route=\/wp\/v2\/pages\/53\/revisions\/1123"}],"wp:attachment":[{"href":"https:\/\/ankateks.net\/index.php?rest_route=%2Fwp%2Fv2%2Fmedia&parent=53"}],"curies":[{"name":"wp","href":"https:\/\/api.w.org\/{rel}","templated":true}]}}