{"id":546,"date":"2016-06-13T03:44:04","date_gmt":"2016-06-13T03:44:04","guid":{"rendered":"http:\/\/demo.oceanthemes.net\/sentra\/?page_id=546"},"modified":"2018-12-04T13:10:36","modified_gmt":"2018-12-04T13:10:36","slug":"uretim_tesisimiz","status":"publish","type":"page","link":"https:\/\/ankateks.net\/?page_id=546","title":{"rendered":"\u00dcretim Tesisimiz"},"content":{"rendered":"<p>[vc_row css=&#8221;.vc_custom_1465789644062{padding-top: 60px !important;padding-bottom: 90px !important;}&#8221;][vc_column width=&#8221;1\/3&#8243;][vc_custom_heading text=&#8221;\u00c7ALI\u015eANLARIMIZLA GELECE\u011e\u0130 \u00dcRET\u0130YORUZ.&#8221; use_theme_fonts=&#8221;yes&#8221;][\/vc_column][vc_column width=&#8221;2\/3&#8243;][vc_column_text css=&#8221;.vc_custom_1543784347170{margin-bottom: 0px !important;}&#8221;]T\u00fcrkiye tekstil ve haz\u0131r giyim sekt\u00f6r\u00fc halen en fazla d\u0131\u015f ticaret fazlas\u0131 veren sekt\u00f6rd\u00fcr. Buna ek olarak olu\u015fturdu\u011fu istihdam ile i\u015fsizli\u011fin azalmas\u0131na ve toplumun refah\u0131na \u00e7ok ciddi d\u00fczeyde katk\u0131lar\u0131 mevcuttur. G\u00fcn\u00fcm\u00fczde b\u00fcy\u00fck firmalar \u00fcretim kapasitelerini d\u00fc\u015f\u00fcr\u00fcrken, Ankateks giri\u015fken bir politika ile \u00fcretim birimlerini art\u0131rarak b\u00f6lge ve \u00fclke ekonomisine katk\u0131lar\u0131n\u0131 art\u0131rmaya devam etmektedir.[\/vc_column_text][\/vc_column][\/vc_row][vc_row][vc_column][vc_separator border_width=&#8221;3&#8243;][\/vc_column][\/vc_row][vc_row][vc_column]\t\n\t\t<div id=\"project-big-img\" class=\"owl-carousel owl-theme project-big-img\">\n\t\t\t\t            <a href=\"https:\/\/i2.wp.com\/ankateks.net\/wp-content\/uploads\/2018\/12\/001-14.jpeg?fit=1600%2C900&#038;ssl=1\" rel=\"prettyPhoto\">\n\t\t\t\t\t<img decoding=\"async\" src=\"https:\/\/i2.wp.com\/ankateks.net\/wp-content\/uploads\/2018\/12\/001-14.jpeg?fit=1600%2C900&#038;ssl=1\" alt=\"\">\n\t\t\t\t<\/a>\n            \t            <a href=\"https:\/\/i1.wp.com\/ankateks.net\/wp-content\/uploads\/2018\/12\/001-13.jpeg?fit=1600%2C900&#038;ssl=1\" rel=\"prettyPhoto\">\n\t\t\t\t\t<img decoding=\"async\" src=\"https:\/\/i1.wp.com\/ankateks.net\/wp-content\/uploads\/2018\/12\/001-13.jpeg?fit=1600%2C900&#038;ssl=1\" alt=\"\">\n\t\t\t\t<\/a>\n            \t            <a href=\"https:\/\/i0.wp.com\/ankateks.net\/wp-content\/uploads\/2018\/12\/001-12.jpeg?fit=1600%2C900&#038;ssl=1\" rel=\"prettyPhoto\">\n\t\t\t\t\t<img decoding=\"async\" src=\"https:\/\/i0.wp.com\/ankateks.net\/wp-content\/uploads\/2018\/12\/001-12.jpeg?fit=1600%2C900&#038;ssl=1\" alt=\"\">\n\t\t\t\t<\/a>\n            \t            <a href=\"https:\/\/i1.wp.com\/ankateks.net\/wp-content\/uploads\/2018\/12\/001-11.jpeg?fit=1600%2C900&#038;ssl=1\" rel=\"prettyPhoto\">\n\t\t\t\t\t<img decoding=\"async\" src=\"https:\/\/i1.wp.com\/ankateks.net\/wp-content\/uploads\/2018\/12\/001-11.jpeg?fit=1600%2C900&#038;ssl=1\" alt=\"\">\n\t\t\t\t<\/a>\n            \t            <a href=\"https:\/\/i1.wp.com\/ankateks.net\/wp-content\/uploads\/2018\/12\/001-10.jpeg?fit=1600%2C900&#038;ssl=1\" rel=\"prettyPhoto\">\n\t\t\t\t\t<img decoding=\"async\" src=\"https:\/\/i1.wp.com\/ankateks.net\/wp-content\/uploads\/2018\/12\/001-10.jpeg?fit=1600%2C900&#038;ssl=1\" alt=\"\">\n\t\t\t\t<\/a>\n            \t            <a href=\"https:\/\/i2.wp.com\/ankateks.net\/wp-content\/uploads\/2018\/12\/001-9.jpeg?fit=1600%2C900&#038;ssl=1\" rel=\"prettyPhoto\">\n\t\t\t\t\t<img decoding=\"async\" src=\"https:\/\/i2.wp.com\/ankateks.net\/wp-content\/uploads\/2018\/12\/001-9.jpeg?fit=1600%2C900&#038;ssl=1\" alt=\"\">\n\t\t\t\t<\/a>\n            \t            <a href=\"https:\/\/i1.wp.com\/ankateks.net\/wp-content\/uploads\/2018\/12\/001-8.jpeg?fit=1600%2C900&#038;ssl=1\" rel=\"prettyPhoto\">\n\t\t\t\t\t<img decoding=\"async\" src=\"https:\/\/i1.wp.com\/ankateks.net\/wp-content\/uploads\/2018\/12\/001-8.jpeg?fit=1600%2C900&#038;ssl=1\" alt=\"\">\n\t\t\t\t<\/a>\n            \t            <a href=\"https:\/\/i2.wp.com\/ankateks.net\/wp-content\/uploads\/2018\/12\/001-3.jpeg?fit=1600%2C900&#038;ssl=1\" rel=\"prettyPhoto\">\n\t\t\t\t\t<img decoding=\"async\" src=\"https:\/\/i2.wp.com\/ankateks.net\/wp-content\/uploads\/2018\/12\/001-3.jpeg?fit=1600%2C900&#038;ssl=1\" alt=\"\">\n\t\t\t\t<\/a>\n            \t            <a href=\"https:\/\/i1.wp.com\/ankateks.net\/wp-content\/uploads\/2018\/12\/001-2.jpeg?fit=1600%2C900&#038;ssl=1\" rel=\"prettyPhoto\">\n\t\t\t\t\t<img decoding=\"async\" src=\"https:\/\/i1.wp.com\/ankateks.net\/wp-content\/uploads\/2018\/12\/001-2.jpeg?fit=1600%2C900&#038;ssl=1\" alt=\"\">\n\t\t\t\t<\/a>\n            \t            <a href=\"https:\/\/i1.wp.com\/ankateks.net\/wp-content\/uploads\/2018\/12\/001-1.jpeg?fit=1600%2C900&#038;ssl=1\" rel=\"prettyPhoto\">\n\t\t\t\t\t<img decoding=\"async\" src=\"https:\/\/i1.wp.com\/ankateks.net\/wp-content\/uploads\/2018\/12\/001-1.jpeg?fit=1600%2C900&#038;ssl=1\" alt=\"\">\n\t\t\t\t<\/a>\n                    <\/div>\t\t\t\n        <div class=\"project-thumbs-wrapper\"><a id=\"project-thumbs-prev\" href=\"#\" class=\"nav prev\"><i class=\"fa fa-angle-left\"><\/i><\/a><a id=\"project-thumbs-next\" href=\"#\" class=\"nav next\"><i class=\"fa fa-angle-right\"><\/i><\/a>\n\t      \t<div id=\"project-thumbs\" class=\"owl-carousel owl-theme project-thumbs margin-top-0\">\n\t      \t\t\t\t            <img decoding=\"async\" src=\"https:\/\/i2.wp.com\/ankateks.net\/wp-content\/uploads\/2018\/12\/001-14.jpeg?fit=1600%2C900&#038;ssl=1\" alt=\"\">\n\t            \t\t            <img decoding=\"async\" src=\"https:\/\/i1.wp.com\/ankateks.net\/wp-content\/uploads\/2018\/12\/001-13.jpeg?fit=1600%2C900&#038;ssl=1\" alt=\"\">\n\t            \t\t            <img decoding=\"async\" src=\"https:\/\/i0.wp.com\/ankateks.net\/wp-content\/uploads\/2018\/12\/001-12.jpeg?fit=1600%2C900&#038;ssl=1\" alt=\"\">\n\t            \t\t            <img decoding=\"async\" src=\"https:\/\/i1.wp.com\/ankateks.net\/wp-content\/uploads\/2018\/12\/001-11.jpeg?fit=1600%2C900&#038;ssl=1\" alt=\"\">\n\t            \t\t            <img decoding=\"async\" src=\"https:\/\/i1.wp.com\/ankateks.net\/wp-content\/uploads\/2018\/12\/001-10.jpeg?fit=1600%2C900&#038;ssl=1\" alt=\"\">\n\t            \t\t            <img decoding=\"async\" src=\"https:\/\/i2.wp.com\/ankateks.net\/wp-content\/uploads\/2018\/12\/001-9.jpeg?fit=1600%2C900&#038;ssl=1\" alt=\"\">\n\t            \t\t            <img decoding=\"async\" src=\"https:\/\/i1.wp.com\/ankateks.net\/wp-content\/uploads\/2018\/12\/001-8.jpeg?fit=1600%2C900&#038;ssl=1\" alt=\"\">\n\t            \t\t            <img decoding=\"async\" src=\"https:\/\/i2.wp.com\/ankateks.net\/wp-content\/uploads\/2018\/12\/001-3.jpeg?fit=1600%2C900&#038;ssl=1\" alt=\"\">\n\t            \t\t            <img decoding=\"async\" src=\"https:\/\/i1.wp.com\/ankateks.net\/wp-content\/uploads\/2018\/12\/001-2.jpeg?fit=1600%2C900&#038;ssl=1\" alt=\"\">\n\t            \t\t            <img decoding=\"async\" src=\"https:\/\/i1.wp.com\/ankateks.net\/wp-content\/uploads\/2018\/12\/001-1.jpeg?fit=1600%2C900&#038;ssl=1\" alt=\"\">\n\t                      \t\n\t        <\/div>\n        <\/div>\n        <script>\n\t\t\t(function($) { \"use strict\";\n\t\t\t\t$(document).ready(function() {\n\t\t\t\t\tvar $projectBigImg = $( '#project-big-img' ),\n\t      \t\t\t\t$projectThumbs = $( '#project-thumbs' );\n\t      \t\t\t\n\t      \t\t\t$projectThumbs.owlCarousel({\n\t      \t\t\t\titems : 5,\n\t      \t\t\t\titemsDesktop : [1000,5],\n\t      \t\t\t\titemsDesktopSmall : [900,4],\n\t      \t\t\t\titemsTablet: [600,3],\n\t      \t\t\t\titemsMobile : false,\n\t      \t\t\t\tpagination:false,\n\t      \t\t\t\tresponsiveRefreshRate : 100,\n\t      \t\t\t\tafterInit : function(el){\n\t      \t\t\t\t\tel.find(\".owl-item\").eq(0).addClass(\"synced\");\n\t      \t\t\t\t}\n\t      \t\t\t});\n\t      \t\t\t$projectBigImg.owlCarousel({\n\t      \t\t\t\tsingleItem : true,\n\t      \t\t\t\tslideSpeed : 1000,\n\t      \t\t\t\tnavigation: false,\n\t      \t\t\t\tpagination:false,\n\t      \t\t\t\tautoHeight: true,\n\t      \t\t\t\tafterAction : syncPosition,\n\t      \t\t\t\tresponsiveRefreshRate : 200\n\t      \t\t\t});\n\t      \t\t\tfunction syncPosition(el){\n\t      \t\t\t\tvar current = this.currentItem;\n\t      \t\t\t\t$projectThumbs.find(\".owl-item\").removeClass(\"synced\").eq(current).addClass(\"synced\");\n\t      \t\t\t\tif($projectThumbs.data(\"owlCarousel\") !== undefined){\n\t      \t\t\t\t\tcenter(current);\n\t      \t\t\t\t}\n\t      \t\t\t}\n\t      \t\t\t$projectThumbs.on(\"click\", \".owl-item\", function(e){\n\t      \t\t\t\te.preventDefault();\n\t      \t\t\t\tvar number = $(this).data(\"owlItem\");\n\t      \t\t\t\t$projectBigImg.trigger(\"owl.goTo\",number);\n\t      \t\t\t});\n\t      \t\t\tfunction center(number){\n\t      \t\t\t\tvar sync2visible = $projectThumbs.data(\"owlCarousel\").owl.visibleItems;\n\t      \t\t\t\tvar num = number;\n\t      \t\t\t\tvar found = false;\n\t      \t\t\t\tfor(var i in sync2visible){\n\t      \t\t\t\t\tif(num === sync2visible[i]){\n\t      \t\t\t\t\t\tvar found = true;\n\t      \t\t\t\t\t}\n\t      \t\t\t\t}\n\t      \t\t\t\tif(found===false){\n\t      \t\t\t\t\tif(num>sync2visible[sync2visible.length-1]){\n\t      \t\t\t\t\t\t$projectThumbs.trigger(\"owl.goTo\", num - sync2visible.length+2)\n\t      \t\t\t\t\t}else{\n\t      \t\t\t\t\t\tif(num - 1 === -1){\n\t      \t\t\t\t\t\t\tnum = 0;\n\t      \t\t\t\t\t\t}\n\t      \t\t\t\t\t\t$projectThumbs.trigger(\"owl.goTo\", num);\n\t      \t\t\t\t\t}\n\t      \t\t\t\t} else if(num === sync2visible[sync2visible.length-1]){\n\t      \t\t\t\t\t$projectThumbs.trigger(\"owl.goTo\", sync2visible[1])\n\t      \t\t\t\t} else if(num === sync2visible[0]){\n\t      \t\t\t\t\t$projectThumbs.trigger(\"owl.goTo\", num-1)\n\t      \t\t\t\t}\n\t      \t\t\t}\n\t      \t\t\t$( \"#project-thumbs-next\" ).click(function( e ){\n\t      \t\t\t\te.preventDefault();\n\t      \t\t\t\t$projectThumbs.trigger( 'owl.next' );\n\t      \t\t\t})\n\t      \t\t\t$( \"#project-thumbs-prev\" ).click(function( e ){\n\t      \t\t\t\te.preventDefault();\n\t      \t\t\t\t$projectThumbs.trigger( 'owl.prev' );\n\t      \t\t\t})\n\t\t\t\t});\t\n\t\t\t})(jQuery); \n\t\t<\/script>\n\n[\/vc_column][\/vc_row][vc_row][vc_column][vc_separator border_width=&#8221;3&#8243;][\/vc_column][\/vc_row]<\/p>\n","protected":false},"excerpt":{"rendered":"<p>[vc_row css=&#8221;.vc_custom_1465789644062{padding-top: 60px !important;padding-bottom: 90px !important;}&#8221;][vc_column width=&#8221;1\/3&#8243;][vc_custom_heading text=&#8221;\u00c7ALI\u015eANLARIMIZLA GELECE\u011e\u0130 \u00dcRET\u0130YORUZ.&#8221; use_theme_fonts=&#8221;yes&#8221;][\/vc_column][vc_column width=&#8221;2\/3&#8243;][vc_column_text css=&#8221;.vc_custom_1543784347170{margin-bottom: 0px !important;}&#8221;]T\u00fcrkiye tekstil ve haz\u0131r giyim sekt\u00f6r\u00fc halen en fazla d\u0131\u015f ticaret fazlas\u0131 veren sekt\u00f6rd\u00fcr. Buna ek olarak olu\u015fturdu\u011fu istihdam ile i\u015fsizli\u011fin azalmas\u0131na ve toplumun refah\u0131na \u00e7ok ciddi d\u00fczeyde katk\u0131lar\u0131 mevcuttur. G\u00fcn\u00fcm\u00fczde b\u00fcy\u00fck firmalar \u00fcretim kapasitelerini d\u00fc\u015f\u00fcr\u00fcrken, Ankateks giri\u015fken bir politika ile [&hellip;]<\/p>\n","protected":false},"author":1,"featured_media":0,"parent":0,"menu_order":0,"comment_status":"closed","ping_status":"closed","template":"page-templates\/template-fullwidth.php","meta":{"spay_email":"","footnotes":""},"class_list":["post-546","page","type-page","status-publish","hentry"],"_links":{"self":[{"href":"https:\/\/ankateks.net\/index.php?rest_route=\/wp\/v2\/pages\/546","targetHints":{"allow":["GET"]}}],"collection":[{"href":"https:\/\/ankateks.net\/index.php?rest_route=\/wp\/v2\/pages"}],"about":[{"href":"https:\/\/ankateks.net\/index.php?rest_route=\/wp\/v2\/types\/page"}],"author":[{"embeddable":true,"href":"https:\/\/ankateks.net\/index.php?rest_route=\/wp\/v2\/users\/1"}],"replies":[{"embeddable":true,"href":"https:\/\/ankateks.net\/index.php?rest_route=%2Fwp%2Fv2%2Fcomments&post=546"}],"version-history":[{"count":4,"href":"https:\/\/ankateks.net\/index.php?rest_route=\/wp\/v2\/pages\/546\/revisions"}],"predecessor-version":[{"id":1159,"href":"https:\/\/ankateks.net\/index.php?rest_route=\/wp\/v2\/pages\/546\/revisions\/1159"}],"wp:attachment":[{"href":"https:\/\/ankateks.net\/index.php?rest_route=%2Fwp%2Fv2%2Fmedia&parent=546"}],"curies":[{"name":"wp","href":"https:\/\/api.w.org\/{rel}","templated":true}]}}