{"id":842,"date":"2016-07-18T08:28:00","date_gmt":"2016-07-18T08:28:00","guid":{"rendered":"http:\/\/demo.oceanthemes.net\/sentra\/?page_id=842"},"modified":"2018-12-02T22:06:14","modified_gmt":"2018-12-02T22:06:14","slug":"dilek_sikayet","status":"publish","type":"page","link":"https:\/\/ankateks.net\/?page_id=842","title":{"rendered":"Dilek ve \u015eikayet"},"content":{"rendered":"<p>[vc_row][vc_column]<div role=\"form\" class=\"wpcf7\" id=\"wpcf7-f4-o1\" lang=\"en-US\" dir=\"ltr\">\n<div class=\"screen-reader-response\"><\/div>\n<form action=\"\/index.php?rest_route=%2Fwp%2Fv2%2Fpages%2F842#wpcf7-f4-o1\" method=\"post\" class=\"wpcf7-form\" novalidate=\"novalidate\">\n<div style=\"display: none;\">\n<input type=\"hidden\" name=\"_wpcf7\" value=\"4\" \/>\n<input type=\"hidden\" name=\"_wpcf7_version\" value=\"5.0.5\" \/>\n<input type=\"hidden\" name=\"_wpcf7_locale\" value=\"en_US\" \/>\n<input type=\"hidden\" name=\"_wpcf7_unit_tag\" value=\"wpcf7-f4-o1\" \/>\n<input type=\"hidden\" name=\"_wpcf7_container_post\" value=\"0\" \/>\n<\/div>\n<form class=\"form-horizontal\">\n<fieldset>\n<legend>Dilek ve \u015eikayetleriniz<\/legend>\n<div class=\"form-group\">\n<label for=\"contacts-name\" class=\"col-lg-3 control-label\">Ad\u0131n\u0131z <span class=\"required\">*<\/span><\/label>\n<div class=\"col-lg-9\"><span class=\"wpcf7-form-control-wrap your-name\"><input type=\"text\" name=\"your-name\" value=\"\" size=\"40\" class=\"wpcf7-form-control wpcf7-text wpcf7-validates-as-required form-control\" aria-required=\"true\" aria-invalid=\"false\" placeholder=\"ad\u0131n\u0131z...\" \/><\/span><\/div>\n<\/div>\n<div class=\"form-group\">\n<label for=\"contacts-email\" class=\"col-lg-3 control-label\">E-mail <span class=\"required\">*<\/span><\/label>\n<div class=\"col-lg-9\"><span class=\"wpcf7-form-control-wrap your-email\"><input type=\"email\" name=\"your-email\" value=\"\" size=\"40\" class=\"wpcf7-form-control wpcf7-text wpcf7-email wpcf7-validates-as-required wpcf7-validates-as-email form-control\" aria-required=\"true\" aria-invalid=\"false\" placeholder=\"emailiniz...\" \/><\/span><\/div>\n<\/div>\n<div class=\"form-group\">\n<label for=\"contacts-phone\" class=\"col-lg-3 control-label\">Telefon<\/label>\n<div class=\"col-lg-9\"><span class=\"wpcf7-form-control-wrap your-tel\"><input type=\"tel\" name=\"your-tel\" value=\"\" size=\"40\" class=\"wpcf7-form-control wpcf7-text wpcf7-tel wpcf7-validates-as-tel form-control\" aria-invalid=\"false\" placeholder=\"telefon numaran\u0131z\u0131 yaz\u0131n\u0131z...\" \/><\/span><\/p>\n<p class=\"help-block\">Sizi geri aramam\u0131z\u0131 istiyorsan\u0131z teleofan numaran\u0131z\u0131 yaz\u0131n\u0131z.<\/p>\n<\/div>\n<\/div>\n<div class=\"form-group\">\n<label for=\"contacts-website\" class=\"col-lg-3 control-label\">Firman\u0131z<\/label>\n<div class=\"col-lg-9\"><span class=\"wpcf7-form-control-wrap your-website\"><input type=\"text\" name=\"your-website\" value=\"\" size=\"40\" class=\"wpcf7-form-control wpcf7-text form-control\" aria-invalid=\"false\" placeholder=\"firma isminizi yaz\u0131n\u0131z...\" \/><\/span><\/div>\n<\/div>\n<div class=\"form-group\">\n<label for=\"contacts-topics\" class=\"col-lg-3 control-label\">Konular <span class=\"required\">*<\/span><\/label>\n<div class=\"col-lg-9\"><span class=\"wpcf7-form-control-wrap your-issue\"><select name=\"your-issue\" class=\"wpcf7-form-control wpcf7-select wpcf7-validates-as-required form-control\" id=\"contacts-topics\" aria-required=\"true\" aria-invalid=\"false\"><option value=\"Genel\">Genel<\/option><option value=\"\u015eikayet\">\u015eikayet<\/option><option value=\"\u00d6neri\">\u00d6neri<\/option><\/select><\/span><\/div>\n<\/div>\n<div class=\"form-group\">\n<label for=\"contacts-way\" class=\"col-lg-3 control-label\">\u0130leti\u015fim Tercihinizi Se\u00e7iniz<\/label>\n<div class=\"col-lg-9\">\n<span class=\"wpcf7-form-control-wrap your-send\"><span class=\"wpcf7-form-control wpcf7-radio sentra-radio\"><span class=\"wpcf7-list-item first\"><span class=\"wpcf7-list-item-label\">E-mail<\/span><input type=\"radio\" name=\"your-send\" value=\"E-mail\" checked=\"checked\" \/><\/span><span class=\"wpcf7-list-item\"><span class=\"wpcf7-list-item-label\">Telefon<\/span><input type=\"radio\" name=\"your-send\" value=\"Telefon\" \/><\/span><span class=\"wpcf7-list-item last\"><span class=\"wpcf7-list-item-label\">Di\u011fer<\/span><input type=\"radio\" name=\"your-send\" value=\"Di\u011fer\" \/><\/span><\/span><\/span>\n<\/div>\n<\/div>\n<div class=\"form-group\">\n<label for=\"contacts-topics\" class=\"col-lg-3 control-label\">Mesaj\u0131n\u0131z\u0131 Yaz\u0131n\u0131z <span class=\"required\">*<\/span><\/label>\n<div class=\"col-lg-9\"><span class=\"wpcf7-form-control-wrap your-message\"><textarea name=\"your-message\" cols=\"40\" rows=\"10\" class=\"wpcf7-form-control wpcf7-textarea wpcf7-validates-as-required form-control\" aria-required=\"true\" aria-invalid=\"false\" placeholder=\"mesaj\u0131n\u0131z\u0131 yaz\u0131n\u0131z...\"><\/textarea><\/span><\/div>\n<\/div>\n<div class=\"form-group\">\n<div class=\"col-lg-3 col-md-6\"><\/div>\n<div class=\"col-lg-9 col-md-18\">\n<button type=\"submit\" class=\"btn btn-primary\"><i class=\"glyphicon glyphicon-envelope\"> <\/i> Mesaj\u0131n\u0131z\u0131 G\u00f6nderiniz<\/button>\n<\/div>\n<\/div><\/fieldset>\n<\/form>\n<div class=\"wpcf7-response-output wpcf7-display-none\"><\/div><\/form><\/div>[\/vc_column][\/vc_row]<\/p>\n","protected":false},"excerpt":{"rendered":"<p>[vc_row][vc_column][\/vc_column][\/vc_row]<\/p>\n","protected":false},"author":1,"featured_media":0,"parent":0,"menu_order":0,"comment_status":"closed","ping_status":"closed","template":"","meta":{"spay_email":"","footnotes":""},"class_list":["post-842","page","type-page","status-publish","hentry"],"_links":{"self":[{"href":"https:\/\/ankateks.net\/index.php?rest_route=\/wp\/v2\/pages\/842","targetHints":{"allow":["GET"]}}],"collection":[{"href":"https:\/\/ankateks.net\/index.php?rest_route=\/wp\/v2\/pages"}],"about":[{"href":"https:\/\/ankateks.net\/index.php?rest_route=\/wp\/v2\/types\/page"}],"author":[{"embeddable":true,"href":"https:\/\/ankateks.net\/index.php?rest_route=\/wp\/v2\/users\/1"}],"replies":[{"embeddable":true,"href":"https:\/\/ankateks.net\/index.php?rest_route=%2Fwp%2Fv2%2Fcomments&post=842"}],"version-history":[{"count":2,"href":"https:\/\/ankateks.net\/index.php?rest_route=\/wp\/v2\/pages\/842\/revisions"}],"predecessor-version":[{"id":1148,"href":"https:\/\/ankateks.net\/index.php?rest_route=\/wp\/v2\/pages\/842\/revisions\/1148"}],"wp:attachment":[{"href":"https:\/\/ankateks.net\/index.php?rest_route=%2Fwp%2Fv2%2Fmedia&parent=842"}],"curies":[{"name":"wp","href":"https:\/\/api.w.org\/{rel}","templated":true}]}}