{"id":844,"date":"2016-07-18T10:00:07","date_gmt":"2016-07-18T10:00:07","guid":{"rendered":"http:\/\/demo.oceanthemes.net\/sentra\/?page_id=844"},"modified":"2018-12-04T13:03:09","modified_gmt":"2018-12-04T13:03:09","slug":"is_sagligi_ve_guvenligi","status":"publish","type":"page","link":"https:\/\/ankateks.net\/?page_id=844","title":{"rendered":"\u0130\u015f Sa\u011fl\u0131\u011f\u0131 ve G\u00fcvenli\u011fi Politikas\u0131"},"content":{"rendered":"<p>[vc_row][vc_column][vc_column_text]<strong>\u0130\u015e SA\u011eLI\u011eI VE G\u00dcVENL\u0130\u011e\u0130 POL\u0130T\u0130KASI<\/strong><\/p>\n<p><strong>\u00a0<\/strong><strong><em>\u00dcretimin ve y\u00f6netimin her a\u015famas\u0131nda \u201c\u00d6nce \u0130nsan\u201d prensibi ile hareket eden ve K\u00fcresel \u0130lkeler S\u00f6zle\u015fmesini imzalam\u0131\u015f olan \u015firketimiz \u0130\u015f Sa\u011fl\u0131\u011f\u0131 ve G\u00fcvenli\u011fi kapsam\u0131nda;<\/em><\/strong><\/p>\n<p>Ulusal \u0130\u015f Sa\u011fl\u0131\u011f\u0131 ve G\u00fcvenli\u011fi mevzuat\u0131nda yer alan sorumluluk ve y\u00fck\u00fcml\u00fcl\u00fckleri kar\u015f\u0131lamay\u0131, Uluslararas\u0131 \u0130\u015f Sa\u011fl\u0131\u011f\u0131 ve G\u00fcvenli\u011fi standartlar\u0131na uymay\u0131 ve gerekliliklerini yerine getirmeyi,<\/p>\n<p>\u00c7al\u0131\u015fanlar\u0131m\u0131z\u0131n her kademesinde \u0130\u015f Sa\u011fl\u0131\u011f\u0131 ve G\u00fcvenli\u011fi k\u00fclt\u00fcr\u00fcn olu\u015fmas\u0131 ve yay\u0131lmas\u0131 i\u00e7in gerekli etkin \u00e7al\u0131\u015fmalar\u0131 yapmay\u0131,<\/p>\n<p>\u0130\u015fletme s\u0131n\u0131rlar\u0131 i\u00e7indeki t\u00fcm \u00e7al\u0131\u015fanlar\u0131m\u0131z i\u00e7in sa\u011fl\u0131kl\u0131 ve g\u00fcvenli \u00e7al\u0131\u015fma alanlar\u0131n\u0131, proaktif ve yal\u0131n i\u015f g\u00fcvenli\u011fi\u00a0 vizyonu ile olu\u015fturmay\u0131,<\/p>\n<p>Mevcut \u0130\u015f Sa\u011fl\u0131\u011f\u0131 ve G\u00fcvenli\u011fi ko\u015fullar\u0131n\u0131 s\u00fcrekli iyile\u015ftirme ve geli\u015ftirme anlay\u0131\u015f\u0131 i\u00e7erisinde daha iyi hale getirmeyi,<\/p>\n<p>Acil Durumlar kar\u015f\u0131s\u0131nda, t\u00fcm \u00e7al\u0131\u015fanlar\u0131n\u0131 korumay\u0131 ve Acil Durumlara kar\u015f\u0131 daima haz\u0131rl\u0131kl\u0131 olmay\u0131,<\/p>\n<p>\u0130\u015f Sa\u011fl\u0131\u011f\u0131 ve G\u00fcvenli\u011fi performans\u0131n\u0131 sistematik olarak \u00f6l\u00e7meyi ve belirlenen hedeflere ula\u015f\u0131labilmesi i\u00e7in gerekli t\u00fcm deste\u011fi vermeyi,<\/p>\n<p>\u0130\u015f Sa\u011fl\u0131\u011f\u0131 ve G\u00fcvenli\u011fi risklerini de\u011ferlendirmeyi, tespit edilen riskleri uygun \u00e7\u00f6z\u00fcm metodlar ile kayna\u011f\u0131nda engellemeyi<\/p>\n<p>\u00c7al\u0131\u015fanlar\u0131m\u0131z\u0131n i\u015f kazas\u0131 ge\u00e7irmemeleri ve Meslek Hastal\u0131klar\u0131na yakalanmamalar\u0131 i\u00e7in gerekli her t\u00fcrl\u00fc tedbirleri almay\u0131,<\/p>\n<p>\u00c7al\u0131\u015fanlar\u0131m\u0131z\u0131n ihtiya\u00e7 duyabilecekleri her t\u00fcrl\u00fc i\u015f sa\u011fl\u0131\u011f\u0131 ve g\u00fcvenli\u011fi konular\u0131nda d\u00fczenli olarak e\u011fitim almas\u0131n\u0131 sa\u011flamay\u0131,<\/p>\n<p>Ankateks Tekstil \u0130\u015f Sa\u011fl\u0131\u011f\u0131 ve G\u00fcvenli\u011fi Kurulu ile \u0130\u015f Sa\u011fl\u0131\u011f\u0131 ve G\u00fcvenli\u011fi \u00e7al\u0131\u015fma gruplar\u0131 i\u00e7inde al\u0131nan faydal\u0131 kararlar\u0131 uygulamay\u0131 ve ihtiya\u00e7 duyulan b\u00fct\u00e7eyi sa\u011flamay\u0131 taahh\u00fct eder.[\/vc_column_text][\/vc_column][\/vc_row]<\/p>\n","protected":false},"excerpt":{"rendered":"<p>[vc_row][vc_column][vc_column_text]\u0130\u015e SA\u011eLI\u011eI VE G\u00dcVENL\u0130\u011e\u0130 POL\u0130T\u0130KASI \u00a0\u00dcretimin ve y\u00f6netimin her a\u015famas\u0131nda \u201c\u00d6nce \u0130nsan\u201d prensibi ile hareket eden ve K\u00fcresel \u0130lkeler S\u00f6zle\u015fmesini imzalam\u0131\u015f olan \u015firketimiz \u0130\u015f Sa\u011fl\u0131\u011f\u0131 ve G\u00fcvenli\u011fi kapsam\u0131nda; Ulusal \u0130\u015f Sa\u011fl\u0131\u011f\u0131 ve G\u00fcvenli\u011fi mevzuat\u0131nda yer alan sorumluluk ve y\u00fck\u00fcml\u00fcl\u00fckleri kar\u015f\u0131lamay\u0131, Uluslararas\u0131 \u0130\u015f Sa\u011fl\u0131\u011f\u0131 ve G\u00fcvenli\u011fi standartlar\u0131na uymay\u0131 ve gerekliliklerini yerine getirmeyi, \u00c7al\u0131\u015fanlar\u0131m\u0131z\u0131n her kademesinde \u0130\u015f [&hellip;]<\/p>\n","protected":false},"author":1,"featured_media":0,"parent":0,"menu_order":0,"comment_status":"closed","ping_status":"closed","template":"","meta":{"spay_email":"","footnotes":""},"class_list":["post-844","page","type-page","status-publish","hentry"],"_links":{"self":[{"href":"https:\/\/ankateks.net\/index.php?rest_route=\/wp\/v2\/pages\/844","targetHints":{"allow":["GET"]}}],"collection":[{"href":"https:\/\/ankateks.net\/index.php?rest_route=\/wp\/v2\/pages"}],"about":[{"href":"https:\/\/ankateks.net\/index.php?rest_route=\/wp\/v2\/types\/page"}],"author":[{"embeddable":true,"href":"https:\/\/ankateks.net\/index.php?rest_route=\/wp\/v2\/users\/1"}],"replies":[{"embeddable":true,"href":"https:\/\/ankateks.net\/index.php?rest_route=%2Fwp%2Fv2%2Fcomments&post=844"}],"version-history":[{"count":2,"href":"https:\/\/ankateks.net\/index.php?rest_route=\/wp\/v2\/pages\/844\/revisions"}],"predecessor-version":[{"id":1152,"href":"https:\/\/ankateks.net\/index.php?rest_route=\/wp\/v2\/pages\/844\/revisions\/1152"}],"wp:attachment":[{"href":"https:\/\/ankateks.net\/index.php?rest_route=%2Fwp%2Fv2%2Fmedia&parent=844"}],"curies":[{"name":"wp","href":"https:\/\/api.w.org\/{rel}","templated":true}]}}