{"id":846,"date":"2016-07-18T10:07:08","date_gmt":"2016-07-18T10:07:08","guid":{"rendered":"http:\/\/demo.oceanthemes.net\/sentra\/?page_id=846"},"modified":"2018-12-04T13:04:03","modified_gmt":"2018-12-04T13:04:03","slug":"kariyer","status":"publish","type":"page","link":"https:\/\/ankateks.net\/?page_id=846","title":{"rendered":"Kariyer"},"content":{"rendered":"<p>[vc_row][vc_column][vc_column_text css=&#8221;.vc_custom_1543787987149{padding-top: 60px !important;padding-bottom: 90px !important;}&#8221;]<\/p>\n<div class=\"page-title\">\n<h1>Kariyer<\/h1>\n<\/div>\n<div id=\"career_summary\" class=\"vc_row wpb_row vc_row-fluid page-summary\">\n<div class=\"wpb_column vc_column_container vc_col-sm-12\">\n<div class=\"vc_column-inner \">\n<div class=\"wpb_wrapper\">\n<div class=\"wpb_text_column wpb_content_element \">\n<div class=\"wpb_wrapper\">\n<p>\u0130nsan Kaynaklar\u0131 politikas\u0131n\u0131n amac\u0131, ANKATEKS\u2019in misyon ve vizyonuna sahip \u00e7\u0131karak; d\u00fcnya modas\u0131na y\u00f6n veren markalar\u0131n bir numaral\u0131 tercihi olmak ad\u0131na kurum de\u011ferlerini t\u00fcm \u00e7al\u0131\u015fanlarda ba\u011fl\u0131l\u0131kla ya\u015fatmakt\u0131r.<\/p>\n<p>Kurumsal yap\u0131lanma anlay\u0131\u015f\u0131nda b\u00fct\u00fcnl\u00fck, g\u00fcvenilirlik, sayg\u0131, sorumluluk, tak\u0131m \u00e7al\u0131\u015fmas\u0131, yarat\u0131c\u0131l\u0131k ve operasyonel m\u00fckemmellik ANKATEKS Tekstil\u2019in ana de\u011ferleridir. ANKATEKS\u2019in etik kurallar\u0131 kurumsal \u015firket anlay\u0131\u015f\u0131n\u0131n temel ta\u015flar\u0131n\u0131 olu\u015fturur:<\/p>\n<\/div>\n<\/div>\n<\/div>\n<\/div>\n<\/div>\n<\/div>\n<div class=\"vc_row wpb_row vc_row-fluid\">\n<div class=\"careers-box wpb_column vc_column_container vc_col-sm-12\">\n<div class=\"vc_column-inner \">\n<div class=\"wpb_wrapper\">\n<div class=\"wpb_text_column wpb_content_element \">\n<div class=\"wpb_wrapper\">\n<ul>\n<li><a>YASAL PROSED\u00dcRLERE BA\u011eLILIK<\/a><\/li>\n<li><a>Y\u00dcKSEK KAL\u0130TEL\u0130 H\u0130ZMET<\/a><\/li>\n<li><a>M\u00dc\u015eTER\u0130 VE \u00c7ALI\u015eAN MEMNUN\u0130YET\u0130<\/a><\/li>\n<li><a>TEDAR\u0130K\u00c7\u0130 Y\u00d6NET\u0130M\u0130<\/a><\/li>\n<li><a>G\u00dcVEN\u0130L\u0130R \u0130\u015e ORTAKLI\u011eI<\/a><\/li>\n<li><a>\u00c7EVRE B\u0130L\u0130NC\u0130 VE DUYARLILI\u011eI<\/a><\/li>\n<\/ul>\n<\/div>\n<\/div>\n<\/div>\n<\/div>\n<\/div>\n<\/div>\n<div class=\"vc_row wpb_row vc_row-fluid\">\n<div class=\"apply-job wpb_column vc_column_container vc_col-sm-12\">\n<div class=\"vc_column-inner \">\n<div class=\"wpb_wrapper\">\n<div class=\"wpb_text_column wpb_content_element apply-text\">\n<div class=\"wpb_wrapper\">\n<p><b>\u0130nsan Kaynaklar\u0131 Politikam\u0131z\u0131n ana ilkeleri:<\/b><\/p>\n<p>Nitelikli \u00e7al\u0131\u015fanlar\u0131n istihdam edilmesi, s\u00fcreklili\u011finin sa\u011flanmas\u0131<\/p>\n<p>\u00c7al\u0131\u015fanlar\u0131n kurum hedefleri do\u011frultusunda geli\u015ftirilmesi ve kariyer planlamas\u0131n\u0131n ger\u00e7ekle\u015ftirilmesi<\/p>\n<p>Organizasyonel geli\u015fimin sa\u011flanmas\u0131<\/p>\n<p>\u00c7al\u0131\u015fanlar\u0131n motivasyonunun ve kurum ba\u011fl\u0131l\u0131\u011f\u0131n\u0131n art\u0131r\u0131lmas\u0131<\/p>\n<\/div>\n<\/div>\n<\/div>\n<\/div>\n<\/div>\n<\/div>\n<p>[\/vc_column_text][\/vc_column][\/vc_row][vc_row][vc_column][vc_btn title=&#8221;\u0130\u015e BA\u015eVURUSU&#8221; color=&#8221;danger&#8221; link=&#8221;url:http%3A%2F%2Fankateks.net%2F%3Fpage_id%3D136|||&#8221;][\/vc_column][\/vc_row]<\/p>\n","protected":false},"excerpt":{"rendered":"<p>[vc_row][vc_column][vc_column_text css=&#8221;.vc_custom_1543787987149{padding-top: 60px !important;padding-bottom: 90px !important;}&#8221;] Kariyer \u0130nsan Kaynaklar\u0131 politikas\u0131n\u0131n amac\u0131, ANKATEKS\u2019in misyon ve vizyonuna sahip \u00e7\u0131karak; d\u00fcnya modas\u0131na y\u00f6n veren markalar\u0131n bir numaral\u0131 tercihi olmak ad\u0131na kurum de\u011ferlerini t\u00fcm \u00e7al\u0131\u015fanlarda ba\u011fl\u0131l\u0131kla ya\u015fatmakt\u0131r. Kurumsal yap\u0131lanma anlay\u0131\u015f\u0131nda b\u00fct\u00fcnl\u00fck, g\u00fcvenilirlik, sayg\u0131, sorumluluk, tak\u0131m \u00e7al\u0131\u015fmas\u0131, yarat\u0131c\u0131l\u0131k ve operasyonel m\u00fckemmellik ANKATEKS Tekstil\u2019in ana de\u011ferleridir. ANKATEKS\u2019in etik kurallar\u0131 kurumsal \u015firket [&hellip;]<\/p>\n","protected":false},"author":1,"featured_media":0,"parent":0,"menu_order":0,"comment_status":"closed","ping_status":"closed","template":"","meta":{"spay_email":"","footnotes":""},"class_list":["post-846","page","type-page","status-publish","hentry"],"_links":{"self":[{"href":"https:\/\/ankateks.net\/index.php?rest_route=\/wp\/v2\/pages\/846","targetHints":{"allow":["GET"]}}],"collection":[{"href":"https:\/\/ankateks.net\/index.php?rest_route=\/wp\/v2\/pages"}],"about":[{"href":"https:\/\/ankateks.net\/index.php?rest_route=\/wp\/v2\/types\/page"}],"author":[{"embeddable":true,"href":"https:\/\/ankateks.net\/index.php?rest_route=\/wp\/v2\/users\/1"}],"replies":[{"embeddable":true,"href":"https:\/\/ankateks.net\/index.php?rest_route=%2Fwp%2Fv2%2Fcomments&post=846"}],"version-history":[{"count":3,"href":"https:\/\/ankateks.net\/index.php?rest_route=\/wp\/v2\/pages\/846\/revisions"}],"predecessor-version":[{"id":1155,"href":"https:\/\/ankateks.net\/index.php?rest_route=\/wp\/v2\/pages\/846\/revisions\/1155"}],"wp:attachment":[{"href":"https:\/\/ankateks.net\/index.php?rest_route=%2Fwp%2Fv2%2Fmedia&parent=846"}],"curies":[{"name":"wp","href":"https:\/\/api.w.org\/{rel}","templated":true}]}}